{"id":358,"date":"2024-02-10T05:17:05","date_gmt":"2024-02-10T04:17:05","guid":{"rendered":"https:\/\/emconsultingguinee.com\/?page_id=358"},"modified":"2024-02-15T00:49:04","modified_gmt":"2024-02-14T23:49:04","slug":"presentation-2","status":"publish","type":"page","link":"https:\/\/emconsultingguinee.com\/index.php\/presentation-2\/","title":{"rendered":"Presentation"},"content":{"rendered":"\t\t<div data-elementor-type=\"wp-page\" data-elementor-id=\"358\" class=\"elementor elementor-358\">\n\t\t\t\t\t\t<section class=\"elementor-section elementor-top-section elementor-element elementor-element-1f72edd7 elementor-section-boxed elementor-section-height-default elementor-section-height-default\" data-id=\"1f72edd7\" data-element_type=\"section\" data-settings=\"{&quot;background_background&quot;:&quot;classic&quot;,&quot;_ha_eqh_enable&quot;:false}\">\n\t\t\t\t\t\t\t<div class=\"elementor-background-overlay\"><\/div>\n\t\t\t\t\t\t\t<div class=\"elementor-container elementor-column-gap-default\">\n\t\t\t\t\t<div class=\"elementor-column elementor-col-100 elementor-top-column elementor-element elementor-element-c056ebb\" data-id=\"c056ebb\" data-element_type=\"column\">\n\t\t\t<div class=\"elementor-widget-wrap elementor-element-populated\">\n\t\t\t\t\t\t<div class=\"elementor-element elementor-element-475724bc elementor-widget elementor-widget-heading\" data-id=\"475724bc\" data-element_type=\"widget\" data-widget_type=\"heading.default\">\n\t\t\t\t<div class=\"elementor-widget-container\">\n\t\t\t<style>\/*! elementor - v3.20.0 - 13-03-2024 *\/\n.elementor-heading-title{padding:0;margin:0;line-height:1}.elementor-widget-heading .elementor-heading-title[class*=elementor-size-]>a{color:inherit;font-size:inherit;line-height:inherit}.elementor-widget-heading .elementor-heading-title.elementor-size-small{font-size:15px}.elementor-widget-heading .elementor-heading-title.elementor-size-medium{font-size:19px}.elementor-widget-heading .elementor-heading-title.elementor-size-large{font-size:29px}.elementor-widget-heading .elementor-heading-title.elementor-size-xl{font-size:39px}.elementor-widget-heading .elementor-heading-title.elementor-size-xxl{font-size:59px}<\/style><h1 class=\"elementor-heading-title elementor-size-default\">Presentation<\/h1>\t\t<\/div>\n\t\t\t\t<\/div>\n\t\t\t\t<div class=\"elementor-element elementor-element-2eba4933 elementor-widget elementor-widget-heading\" data-id=\"2eba4933\" data-element_type=\"widget\" data-widget_type=\"heading.default\">\n\t\t\t\t<div class=\"elementor-widget-container\">\n\t\t\t<h3 class=\"elementor-heading-title elementor-size-default\">Le cabinet em consulting guin\u00e9e<\/h3>\t\t<\/div>\n\t\t\t\t<\/div>\n\t\t\t\t\t<\/div>\n\t\t<\/div>\n\t\t\t\t\t<\/div>\n\t\t<\/section>\n\t\t\t\t<section class=\"elementor-section elementor-top-section elementor-element elementor-element-316ef3d4 elementor-section-boxed elementor-section-height-default elementor-section-height-default\" data-id=\"316ef3d4\" data-element_type=\"section\" data-settings=\"{&quot;_ha_eqh_enable&quot;:false}\">\n\t\t\t\t\t\t<div class=\"elementor-container elementor-column-gap-default\">\n\t\t\t\t\t<div class=\"elementor-column elementor-col-50 elementor-top-column elementor-element elementor-element-cd00d83\" data-id=\"cd00d83\" data-element_type=\"column\">\n\t\t\t<div class=\"elementor-widget-wrap elementor-element-populated\">\n\t\t\t\t\t\t<div class=\"elementor-element elementor-element-5f206ab elementor-widget elementor-widget-image\" data-id=\"5f206ab\" data-element_type=\"widget\" data-widget_type=\"image.default\">\n\t\t\t\t<div class=\"elementor-widget-container\">\n\t\t\t<style>\/*! elementor - v3.20.0 - 13-03-2024 *\/\n.elementor-widget-image{text-align:center}.elementor-widget-image a{display:inline-block}.elementor-widget-image a img[src$=\".svg\"]{width:48px}.elementor-widget-image img{vertical-align:middle;display:inline-block}<\/style>\t\t\t\t\t\t\t<figure class=\"wp-caption\">\n\t\t\t\t\t\t\t\t\t\t<img fetchpriority=\"high\" decoding=\"async\" width=\"810\" height=\"1080\" src=\"https:\/\/emconsultingguinee.com\/wp-content\/uploads\/2024\/02\/WhatsApp-Image-2024-02-14-at-12.32.34.jpeg\" class=\"attachment-full size-full wp-image-910\" alt=\"\" srcset=\"https:\/\/emconsultingguinee.com\/wp-content\/uploads\/2024\/02\/WhatsApp-Image-2024-02-14-at-12.32.34.jpeg 810w, https:\/\/emconsultingguinee.com\/wp-content\/uploads\/2024\/02\/WhatsApp-Image-2024-02-14-at-12.32.34-225x300.jpeg 225w, https:\/\/emconsultingguinee.com\/wp-content\/uploads\/2024\/02\/WhatsApp-Image-2024-02-14-at-12.32.34-768x1024.jpeg 768w, https:\/\/emconsultingguinee.com\/wp-content\/uploads\/2024\/02\/WhatsApp-Image-2024-02-14-at-12.32.34-600x800.jpeg 600w\" sizes=\"(max-width: 810px) 100vw, 810px\" \/>\t\t\t\t\t\t\t\t\t\t\t<figcaption class=\"widget-image-caption wp-caption-text\">Fondateurs EM CONSULTING GUINEE<\/figcaption>\n\t\t\t\t\t\t\t\t\t\t<\/figure>\n\t\t\t\t\t\t\t<\/div>\n\t\t\t\t<\/div>\n\t\t\t\t\t<\/div>\n\t\t<\/div>\n\t\t\t\t<div class=\"elementor-column elementor-col-50 elementor-top-column elementor-element elementor-element-354169a7\" data-id=\"354169a7\" data-element_type=\"column\">\n\t\t\t<div class=\"elementor-widget-wrap elementor-element-populated\">\n\t\t\t\t\t\t<div class=\"elementor-element elementor-element-10325140 elementor-widget elementor-widget-heading\" data-id=\"10325140\" data-element_type=\"widget\" data-widget_type=\"heading.default\">\n\t\t\t\t<div class=\"elementor-widget-container\">\n\t\t\t<h2 class=\"elementor-heading-title elementor-size-default\">EM CONSULTING GUINEE<\/h2>\t\t<\/div>\n\t\t\t\t<\/div>\n\t\t\t\t<div class=\"elementor-element elementor-element-2d590202 elementor-widget elementor-widget-text-editor\" data-id=\"2d590202\" data-element_type=\"widget\" data-widget_type=\"text-editor.default\">\n\t\t\t\t<div class=\"elementor-widget-container\">\n\t\t\t<style>\/*! elementor - v3.20.0 - 13-03-2024 *\/\n.elementor-widget-text-editor.elementor-drop-cap-view-stacked .elementor-drop-cap{background-color:#69727d;color:#fff}.elementor-widget-text-editor.elementor-drop-cap-view-framed .elementor-drop-cap{color:#69727d;border:3px solid;background-color:transparent}.elementor-widget-text-editor:not(.elementor-drop-cap-view-default) .elementor-drop-cap{margin-top:8px}.elementor-widget-text-editor:not(.elementor-drop-cap-view-default) .elementor-drop-cap-letter{width:1em;height:1em}.elementor-widget-text-editor .elementor-drop-cap{float:left;text-align:center;line-height:1;font-size:50px}.elementor-widget-text-editor .elementor-drop-cap-letter{display:inline-block}<\/style>\t\t\t\t<p>Bienvenue au CABINET EM CONSULTING GUINEE SARL, votre destination de choix pour des services de consultation sportive. Fond\u00e9e en 2023, notre si\u00e8ge est \u00e0 Kobaya ,Republique de guin\u00e9e\/Conakry.Nous offrons des services vari\u00e9s, du coaching des pr\u00e9sidents de clubs \u00e0 la d\u00e9tection de talents, en passant par l\u2019assurance des joueurs et le marketing sportif. Notre \u00e9quipe d\u2019experts, propose \u00e9galement des consultations en ligne.&nbsp;<\/p><p>Avec une exp\u00e9rience approfondie et un engagement envers l\u2019excellence, le CABINET EM CONSULTING GUINEE SARL est votre partenaire de confiance pour naviguer dans le paysage dynamique de l\u2019industrie du sport. D\u00e9couvrez un monde o\u00f9 l\u2019expertise rencontre la passion, et laissez-nous donner de l\u2019\u00e9lan \u00e0 votre parcours vers le succ\u00e8s.<\/p>\t\t\t\t\t\t<\/div>\n\t\t\t\t<\/div>\n\t\t\t\t<div class=\"elementor-element elementor-element-33108ddd elementor-widget elementor-widget-image\" data-id=\"33108ddd\" data-element_type=\"widget\" data-widget_type=\"image.default\">\n\t\t\t\t<div class=\"elementor-widget-container\">\n\t\t\t\t\t\t\t\t\t\t\t\t\t<img decoding=\"async\" width=\"149\" height=\"36\" src=\"https:\/\/emconsultingguinee.com\/wp-content\/uploads\/2024\/02\/Richard-Murdock.png\" class=\"attachment-full size-full wp-image-40\" alt=\"\" \/>\t\t\t\t\t\t\t\t\t\t\t\t\t<\/div>\n\t\t\t\t<\/div>\n\t\t\t\t<div class=\"elementor-element elementor-element-6d5c12d5 elementor-widget elementor-widget-heading\" data-id=\"6d5c12d5\" data-element_type=\"widget\" data-widget_type=\"heading.default\">\n\t\t\t\t<div class=\"elementor-widget-container\">\n\t\t\t<h6 class=\"elementor-heading-title elementor-size-default\">Coach Emmanuel Kon\u00e9 et Daniel Camara<\/h6>\t\t<\/div>\n\t\t\t\t<\/div>\n\t\t\t\t\t<\/div>\n\t\t<\/div>\n\t\t\t\t\t<\/div>\n\t\t<\/section>\n\t\t\t\t<section class=\"elementor-section elementor-top-section elementor-element elementor-element-7246da27 elementor-section-boxed elementor-section-height-default elementor-section-height-default\" data-id=\"7246da27\" data-element_type=\"section\" data-settings=\"{&quot;_ha_eqh_enable&quot;:false}\">\n\t\t\t\t\t\t<div class=\"elementor-container elementor-column-gap-default\">\n\t\t\t\t\t<div class=\"elementor-column elementor-col-50 elementor-top-column elementor-element elementor-element-5965b8a8\" data-id=\"5965b8a8\" data-element_type=\"column\">\n\t\t\t<div class=\"elementor-widget-wrap elementor-element-populated\">\n\t\t\t\t\t\t<div class=\"elementor-element elementor-element-1611e735 elementor-widget elementor-widget-heading\" data-id=\"1611e735\" data-element_type=\"widget\" data-widget_type=\"heading.default\">\n\t\t\t\t<div class=\"elementor-widget-container\">\n\t\t\t<h2 class=\"elementor-heading-title elementor-size-default\">A savoir<\/h2>\t\t<\/div>\n\t\t\t\t<\/div>\n\t\t\t\t<div class=\"elementor-element elementor-element-56df8800 elementor-widget elementor-widget-text-editor\" data-id=\"56df8800\" data-element_type=\"widget\" data-widget_type=\"text-editor.default\">\n\t\t\t\t<div class=\"elementor-widget-container\">\n\t\t\t\t\t\t\t<p>Cr\u00e9er le 07 FEVRIER 2023 Le CABINET EM CONSULTING GUINEE SARL\u00a0est une Soci\u00e9t\u00e9 \u00e0 Responsabilit\u00e9 Limit\u00e9e (SARL).<\/p><p>Il est agr\u00e9\u00e9 sous le num\u00e9ro N\u00b0 <strong>RCCM\/GN.TCC.2023. B.02187<\/strong> et poss\u00e8de le code <strong>NIF :654678754<\/strong>.<\/p><p>Cabinet Em Consulting Guin\u00e9e SARL si\u00e8ge social est \u00e9tabli \u00e0 Kobaya, \u00e0 c\u00f4t\u00e9 du march\u00e9, l\u2019immeuble juste apr\u00e8s la station, Commune de Ratoma\u00a0;<strong> Contacts:<\/strong><strong>0031624220045\/00393489081161\/00224 629-58 75 44 <\/strong><\/p><p><strong>RCCM\u00a0: GN.TTC.2023. B.02187\u00a0\u00a0 CODE NIF\u00a0: 654678754\u00a0\/ Capital social\u00a0:20 000 000 GNF, N\u00b0compte bancaire \u00e0 ECOBANK GUINEE 7344016048<\/strong><\/p>\t\t\t\t\t\t<\/div>\n\t\t\t\t<\/div>\n\t\t\t\t\t<\/div>\n\t\t<\/div>\n\t\t\t\t<div class=\"elementor-column elementor-col-50 elementor-top-column elementor-element elementor-element-7311c3e5\" data-id=\"7311c3e5\" data-element_type=\"column\">\n\t\t\t<div class=\"elementor-widget-wrap elementor-element-populated\">\n\t\t\t\t\t\t<div class=\"elementor-element elementor-element-5bc175fa elementor-widget elementor-widget-image\" data-id=\"5bc175fa\" data-element_type=\"widget\" data-widget_type=\"image.default\">\n\t\t\t\t<div class=\"elementor-widget-container\">\n\t\t\t\t\t\t\t\t\t\t\t\t\t<img decoding=\"async\" width=\"1600\" height=\"1200\" src=\"https:\/\/emconsultingguinee.com\/wp-content\/uploads\/2024\/02\/IMG-20240131-WA0043-1.jpg\" class=\"attachment-full size-full wp-image-433\" alt=\"\" srcset=\"https:\/\/emconsultingguinee.com\/wp-content\/uploads\/2024\/02\/IMG-20240131-WA0043-1.jpg 1600w, https:\/\/emconsultingguinee.com\/wp-content\/uploads\/2024\/02\/IMG-20240131-WA0043-1-300x225.jpg 300w, https:\/\/emconsultingguinee.com\/wp-content\/uploads\/2024\/02\/IMG-20240131-WA0043-1-1024x768.jpg 1024w, https:\/\/emconsultingguinee.com\/wp-content\/uploads\/2024\/02\/IMG-20240131-WA0043-1-768x576.jpg 768w, https:\/\/emconsultingguinee.com\/wp-content\/uploads\/2024\/02\/IMG-20240131-WA0043-1-1536x1152.jpg 1536w, https:\/\/emconsultingguinee.com\/wp-content\/uploads\/2024\/02\/IMG-20240131-WA0043-1-600x450.jpg 600w\" sizes=\"(max-width: 1600px) 100vw, 1600px\" \/>\t\t\t\t\t\t\t\t\t\t\t\t\t<\/div>\n\t\t\t\t<\/div>\n\t\t\t\t\t<\/div>\n\t\t<\/div>\n\t\t\t\t\t<\/div>\n\t\t<\/section>\n\t\t\t\t<section class=\"elementor-section elementor-top-section elementor-element elementor-element-9080692 elementor-section-boxed elementor-section-height-default elementor-section-height-default\" data-id=\"9080692\" data-element_type=\"section\" data-settings=\"{&quot;background_background&quot;:&quot;classic&quot;,&quot;_ha_eqh_enable&quot;:false}\">\n\t\t\t\t\t\t<div class=\"elementor-container elementor-column-gap-default\">\n\t\t\t\t\t<div class=\"elementor-column elementor-col-100 elementor-top-column elementor-element elementor-element-4a12e283\" data-id=\"4a12e283\" data-element_type=\"column\">\n\t\t\t<div class=\"elementor-widget-wrap elementor-element-populated\">\n\t\t\t\t\t\t<div class=\"elementor-element elementor-element-1f5a7301 elementor-widget elementor-widget-heading\" data-id=\"1f5a7301\" data-element_type=\"widget\" data-widget_type=\"heading.default\">\n\t\t\t\t<div class=\"elementor-widget-container\">\n\t\t\t<h6 class=\"elementor-heading-title elementor-size-default\">Notre Culture<\/h6>\t\t<\/div>\n\t\t\t\t<\/div>\n\t\t\t\t<div class=\"elementor-element elementor-element-46bc532a elementor-widget elementor-widget-heading\" data-id=\"46bc532a\" data-element_type=\"widget\" data-widget_type=\"heading.default\">\n\t\t\t\t<div class=\"elementor-widget-container\">\n\t\t\t<h2 class=\"elementor-heading-title elementor-size-default\">La vie, c'est comme le football, il nous faut des OBJECTIFS<\/h2>\t\t<\/div>\n\t\t\t\t<\/div>\n\t\t\t\t<section class=\"elementor-section elementor-inner-section elementor-element elementor-element-2b240d94 elementor-section-boxed elementor-section-height-default elementor-section-height-default\" data-id=\"2b240d94\" data-element_type=\"section\" data-settings=\"{&quot;_ha_eqh_enable&quot;:false}\">\n\t\t\t\t\t\t<div class=\"elementor-container elementor-column-gap-default\">\n\t\t\t\t\t<div class=\"elementor-column elementor-col-33 elementor-inner-column elementor-element elementor-element-380d992e\" data-id=\"380d992e\" data-element_type=\"column\">\n\t\t\t<div class=\"elementor-widget-wrap\">\n\t\t\t\t\t\t\t<\/div>\n\t\t<\/div>\n\t\t\t\t<div class=\"elementor-column elementor-col-33 elementor-inner-column elementor-element elementor-element-798ccc2a\" data-id=\"798ccc2a\" data-element_type=\"column\">\n\t\t\t<div class=\"elementor-widget-wrap\">\n\t\t\t\t\t\t\t<\/div>\n\t\t<\/div>\n\t\t\t\t<div class=\"elementor-column elementor-col-33 elementor-inner-column elementor-element elementor-element-699783f4\" data-id=\"699783f4\" data-element_type=\"column\">\n\t\t\t<div class=\"elementor-widget-wrap\">\n\t\t\t\t\t\t\t<\/div>\n\t\t<\/div>\n\t\t\t\t\t<\/div>\n\t\t<\/section>\n\t\t\t\t\t<\/div>\n\t\t<\/div>\n\t\t\t\t\t<\/div>\n\t\t<\/section>\n\t\t\t\t<section class=\"elementor-section elementor-top-section elementor-element elementor-element-211ad927 elementor-section-boxed elementor-section-height-default elementor-section-height-default\" data-id=\"211ad927\" data-element_type=\"section\" data-settings=\"{&quot;_ha_eqh_enable&quot;:false}\">\n\t\t\t\t\t\t<div class=\"elementor-container elementor-column-gap-default\">\n\t\t\t\t\t<div class=\"elementor-column elementor-col-100 elementor-top-column elementor-element elementor-element-6fed45c7\" data-id=\"6fed45c7\" data-element_type=\"column\">\n\t\t\t<div class=\"elementor-widget-wrap elementor-element-populated\">\n\t\t\t\t\t\t<div class=\"elementor-element elementor-element-1a70573d elementor-widget elementor-widget-heading\" data-id=\"1a70573d\" data-element_type=\"widget\" data-widget_type=\"heading.default\">\n\t\t\t\t<div class=\"elementor-widget-container\">\n\t\t\t<h2 class=\"elementor-heading-title elementor-size-default\">D\u00e9couvrez les visages derri\u00e8re notre r\u00e9ussite - une \u00e9quipe diversifi\u00e9e unie par la passion.<\/h2>\t\t<\/div>\n\t\t\t\t<\/div>\n\t\t\t\t<section class=\"elementor-section elementor-inner-section elementor-element elementor-element-30ae1d62 elementor-section-boxed elementor-section-height-default elementor-section-height-default\" data-id=\"30ae1d62\" data-element_type=\"section\" data-settings=\"{&quot;_ha_eqh_enable&quot;:false}\">\n\t\t\t\t\t\t<div class=\"elementor-container elementor-column-gap-default\">\n\t\t\t\t\t<div class=\"elementor-column elementor-col-25 elementor-inner-column elementor-element elementor-element-7ee1247\" data-id=\"7ee1247\" data-element_type=\"column\">\n\t\t\t<div class=\"elementor-widget-wrap\">\n\t\t\t\t\t\t\t<\/div>\n\t\t<\/div>\n\t\t\t\t<div class=\"elementor-column elementor-col-25 elementor-inner-column elementor-element elementor-element-8a04c59\" data-id=\"8a04c59\" data-element_type=\"column\">\n\t\t\t<div class=\"elementor-widget-wrap\">\n\t\t\t\t\t\t\t<\/div>\n\t\t<\/div>\n\t\t\t\t<div class=\"elementor-column elementor-col-25 elementor-inner-column elementor-element elementor-element-4ff6e7c2\" data-id=\"4ff6e7c2\" data-element_type=\"column\">\n\t\t\t<div class=\"elementor-widget-wrap\">\n\t\t\t\t\t\t\t<\/div>\n\t\t<\/div>\n\t\t\t\t<div class=\"elementor-column elementor-col-25 elementor-inner-column elementor-element elementor-element-206890f3\" data-id=\"206890f3\" data-element_type=\"column\">\n\t\t\t<div class=\"elementor-widget-wrap\">\n\t\t\t\t\t\t\t<\/div>\n\t\t<\/div>\n\t\t\t\t\t<\/div>\n\t\t<\/section>\n\t\t\t\t<section class=\"elementor-section elementor-inner-section elementor-element elementor-element-41677c46 elementor-section-boxed elementor-section-height-default elementor-section-height-default\" data-id=\"41677c46\" data-element_type=\"section\" data-settings=\"{&quot;_ha_eqh_enable&quot;:false}\">\n\t\t\t\t\t\t<div class=\"elementor-container elementor-column-gap-default\">\n\t\t\t\t\t<div class=\"elementor-column elementor-col-25 elementor-inner-column elementor-element elementor-element-c04c050\" data-id=\"c04c050\" data-element_type=\"column\">\n\t\t\t<div class=\"elementor-widget-wrap\">\n\t\t\t\t\t\t\t<\/div>\n\t\t<\/div>\n\t\t\t\t<div class=\"elementor-column elementor-col-25 elementor-inner-column elementor-element elementor-element-17e8e213\" data-id=\"17e8e213\" data-element_type=\"column\">\n\t\t\t<div class=\"elementor-widget-wrap\">\n\t\t\t\t\t\t\t<\/div>\n\t\t<\/div>\n\t\t\t\t<div class=\"elementor-column elementor-col-25 elementor-inner-column elementor-element elementor-element-c80a268\" data-id=\"c80a268\" data-element_type=\"column\">\n\t\t\t<div class=\"elementor-widget-wrap\">\n\t\t\t\t\t\t\t<\/div>\n\t\t<\/div>\n\t\t\t\t<div class=\"elementor-column elementor-col-25 elementor-inner-column elementor-element elementor-element-4736bb13\" data-id=\"4736bb13\" data-element_type=\"column\">\n\t\t\t<div class=\"elementor-widget-wrap\">\n\t\t\t\t\t\t\t<\/div>\n\t\t<\/div>\n\t\t\t\t\t<\/div>\n\t\t<\/section>\n\t\t\t\t\t<\/div>\n\t\t<\/div>\n\t\t\t\t\t<\/div>\n\t\t<\/section>\n\t\t\t\t<section class=\"elementor-section elementor-top-section elementor-element elementor-element-597eba7f elementor-section-boxed elementor-section-height-default elementor-section-height-default\" data-id=\"597eba7f\" data-element_type=\"section\" data-settings=\"{&quot;_ha_eqh_enable&quot;:false}\">\n\t\t\t\t\t\t<div class=\"elementor-container elementor-column-gap-default\">\n\t\t\t\t\t<div class=\"elementor-column elementor-col-100 elementor-top-column elementor-element elementor-element-cdeb49a\" data-id=\"cdeb49a\" data-element_type=\"column\">\n\t\t\t<div class=\"elementor-widget-wrap elementor-element-populated\">\n\t\t\t\t\t\t<div class=\"elementor-element elementor-element-6d068c9f elementor-widget elementor-widget-heading\" data-id=\"6d068c9f\" data-element_type=\"widget\" data-widget_type=\"heading.default\">\n\t\t\t\t<div class=\"elementor-widget-container\">\n\t\t\t<h6 class=\"elementor-heading-title elementor-size-default\">Sponsorship<\/h6>\t\t<\/div>\n\t\t\t\t<\/div>\n\t\t\t\t<div class=\"elementor-element elementor-element-b3b1b76 elementor-widget elementor-widget-heading\" data-id=\"b3b1b76\" data-element_type=\"widget\" data-widget_type=\"heading.default\">\n\t\t\t\t<div class=\"elementor-widget-container\">\n\t\t\t<h2 class=\"elementor-heading-title elementor-size-default\">Il nous font confiance!<\/h2>\t\t<\/div>\n\t\t\t\t<\/div>\n\t\t\t\t<div class=\"elementor-element elementor-element-44719056 elementor-widget elementor-widget-image-carousel\" data-id=\"44719056\" data-element_type=\"widget\" data-settings=\"{&quot;slides_to_show&quot;:&quot;6&quot;,&quot;slides_to_show_tablet&quot;:&quot;5&quot;,&quot;slides_to_show_mobile&quot;:&quot;2&quot;,&quot;slides_to_scroll&quot;:&quot;6&quot;,&quot;slides_to_scroll_tablet&quot;:&quot;5&quot;,&quot;slides_to_scroll_mobile&quot;:&quot;2&quot;,&quot;navigation&quot;:&quot;none&quot;,&quot;image_spacing_custom&quot;:{&quot;unit&quot;:&quot;px&quot;,&quot;size&quot;:50,&quot;sizes&quot;:[]},&quot;autoplay&quot;:&quot;yes&quot;,&quot;pause_on_hover&quot;:&quot;yes&quot;,&quot;pause_on_interaction&quot;:&quot;yes&quot;,&quot;autoplay_speed&quot;:5000,&quot;infinite&quot;:&quot;yes&quot;,&quot;speed&quot;:500,&quot;image_spacing_custom_tablet&quot;:{&quot;unit&quot;:&quot;px&quot;,&quot;size&quot;:&quot;&quot;,&quot;sizes&quot;:[]},&quot;image_spacing_custom_mobile&quot;:{&quot;unit&quot;:&quot;px&quot;,&quot;size&quot;:&quot;&quot;,&quot;sizes&quot;:[]}}\" data-widget_type=\"image-carousel.default\">\n\t\t\t\t<div class=\"elementor-widget-container\">\n\t\t\t<style>\/*! elementor - v3.20.0 - 13-03-2024 *\/\n.elementor-widget-image-carousel .swiper,.elementor-widget-image-carousel .swiper-container{position:static}.elementor-widget-image-carousel .swiper-container .swiper-slide figure,.elementor-widget-image-carousel .swiper .swiper-slide figure{line-height:inherit}.elementor-widget-image-carousel .swiper-slide{text-align:center}.elementor-image-carousel-wrapper:not(.swiper-container-initialized):not(.swiper-initialized) .swiper-slide{max-width:calc(100% \/ var(--e-image-carousel-slides-to-show, 3))}<\/style>\t\t<div class=\"elementor-image-carousel-wrapper swiper\" dir=\"ltr\">\n\t\t\t<div class=\"elementor-image-carousel swiper-wrapper\" aria-live=\"off\">\n\t\t\t\t\t\t\t\t<div class=\"swiper-slide\" role=\"group\" aria-roledescription=\"slide\" aria-label=\"1 sur 9\"><figure class=\"swiper-slide-inner\"><img decoding=\"async\" class=\"swiper-slide-image\" src=\"https:\/\/emconsultingguinee.com\/wp-content\/uploads\/2024\/02\/WhatsApp-Image-2024-02-14-at-12.43.59-1-150x150.jpeg\" alt=\"WhatsApp Image 2024-02-14 at 12.43.59 (1)\" \/><\/figure><\/div><div class=\"swiper-slide\" role=\"group\" aria-roledescription=\"slide\" aria-label=\"2 sur 9\"><figure class=\"swiper-slide-inner\"><img decoding=\"async\" class=\"swiper-slide-image\" src=\"https:\/\/emconsultingguinee.com\/wp-content\/uploads\/2024\/02\/WhatsApp-Image-2024-02-14-at-12.43.59-e1707953657812-150x150.jpeg\" alt=\"WhatsApp Image 2024-02-14 at 12.43.59\" \/><\/figure><\/div><div class=\"swiper-slide\" role=\"group\" aria-roledescription=\"slide\" aria-label=\"3 sur 9\"><figure class=\"swiper-slide-inner\"><img decoding=\"async\" class=\"swiper-slide-image\" src=\"https:\/\/emconsultingguinee.com\/wp-content\/uploads\/2024\/02\/WhatsApp-Image-2024-02-14-at-12.43.58-150x150.jpeg\" alt=\"WhatsApp Image 2024-02-14 at 12.43.58\" \/><\/figure><\/div><div class=\"swiper-slide\" role=\"group\" aria-roledescription=\"slide\" aria-label=\"4 sur 9\"><figure class=\"swiper-slide-inner\"><img decoding=\"async\" class=\"swiper-slide-image\" src=\"https:\/\/emconsultingguinee.com\/wp-content\/uploads\/2024\/02\/WhatsApp-Image-2024-02-14-at-12.43.57-150x150.jpeg\" alt=\"WhatsApp Image 2024-02-14 at 12.43.57\" \/><\/figure><\/div><div class=\"swiper-slide\" role=\"group\" aria-roledescription=\"slide\" aria-label=\"5 sur 9\"><figure class=\"swiper-slide-inner\"><img decoding=\"async\" class=\"swiper-slide-image\" src=\"https:\/\/emconsultingguinee.com\/wp-content\/uploads\/2024\/02\/telechargement-1-150x150.jpeg\" alt=\"t\u00e9l\u00e9chargement (1)\" \/><\/figure><\/div><div class=\"swiper-slide\" role=\"group\" aria-roledescription=\"slide\" aria-label=\"6 sur 9\"><figure class=\"swiper-slide-inner\"><img decoding=\"async\" class=\"swiper-slide-image\" src=\"https:\/\/emconsultingguinee.com\/wp-content\/uploads\/2024\/02\/logo-large.cd8ad11c-150x146.png\" alt=\"logo-large.cd8ad11c\" \/><\/figure><\/div><div class=\"swiper-slide\" role=\"group\" aria-roledescription=\"slide\" aria-label=\"7 sur 9\"><figure class=\"swiper-slide-inner\"><img decoding=\"async\" class=\"swiper-slide-image\" src=\"https:\/\/emconsultingguinee.com\/wp-content\/uploads\/2024\/02\/Guinean_Football_Federation_logo.svg-1-150x150.png\" alt=\"Guinean_Football_Federation_logo.svg-1\" \/><\/figure><\/div><div class=\"swiper-slide\" role=\"group\" aria-roledescription=\"slide\" aria-label=\"8 sur 9\"><figure class=\"swiper-slide-inner\"><img decoding=\"async\" class=\"swiper-slide-image\" src=\"https:\/\/emconsultingguinee.com\/wp-content\/uploads\/2024\/02\/cruyff-logo-150x150.png\" alt=\"cruyff-logo\" \/><\/figure><\/div><div class=\"swiper-slide\" role=\"group\" aria-roledescription=\"slide\" aria-label=\"9 sur 9\"><figure class=\"swiper-slide-inner\"><img decoding=\"async\" class=\"swiper-slide-image\" src=\"https:\/\/emconsultingguinee.com\/wp-content\/uploads\/2024\/02\/544b34-b8cc-3f36-ae8-d0f548c0e0f1_LOGHI_360_x_80_px_-150x80.png\" alt=\"544b34-b8cc-3f36-ae8-d0f548c0e0f1_LOGHI_360_x_80_px_\" \/><\/figure><\/div>\t\t\t<\/div>\n\t\t\t\t\t\t\t\n\t\t\t\t\t\t\t\t\t<\/div>\n\t\t\t\t<\/div>\n\t\t\t\t<\/div>\n\t\t\t\t\t<\/div>\n\t\t<\/div>\n\t\t\t\t\t<\/div>\n\t\t<\/section>\n\t\t\t\t<\/div>\n\t\t","protected":false},"excerpt":{"rendered":"<p>Le cabinet em consulting guin\u00e9e Fondateurs EM CONSULTING GUINEE EM CONSULTING GUINEE Bienvenue au CABINET EM CONSULTING GUINEE SARL, votre destination de choix pour des services de consultation sportive. Fond\u00e9e en 2023, notre si\u00e8ge est \u00e0 Kobaya ,Republique de guin\u00e9e\/Conakry.Nous offrons des services vari\u00e9s, du coaching des pr\u00e9sidents de clubs \u00e0 la d\u00e9tection de talents, [&hellip;]<\/p>\n","protected":false},"author":1,"featured_media":0,"parent":0,"menu_order":0,"comment_status":"closed","ping_status":"closed","template":"","meta":{"om_disable_all_campaigns":false,"_monsterinsights_skip_tracking":false,"_monsterinsights_sitenote_active":false,"_monsterinsights_sitenote_note":"","_monsterinsights_sitenote_category":0,"footnotes":""},"class_list":["post-358","page","type-page","status-publish","hentry"],"aioseo_notices":[],"_links":{"self":[{"href":"https:\/\/emconsultingguinee.com\/index.php\/wp-json\/wp\/v2\/pages\/358","targetHints":{"allow":["GET"]}}],"collection":[{"href":"https:\/\/emconsultingguinee.com\/index.php\/wp-json\/wp\/v2\/pages"}],"about":[{"href":"https:\/\/emconsultingguinee.com\/index.php\/wp-json\/wp\/v2\/types\/page"}],"author":[{"embeddable":true,"href":"https:\/\/emconsultingguinee.com\/index.php\/wp-json\/wp\/v2\/users\/1"}],"replies":[{"embeddable":true,"href":"https:\/\/emconsultingguinee.com\/index.php\/wp-json\/wp\/v2\/comments?post=358"}],"version-history":[{"count":106,"href":"https:\/\/emconsultingguinee.com\/index.php\/wp-json\/wp\/v2\/pages\/358\/revisions"}],"predecessor-version":[{"id":940,"href":"https:\/\/emconsultingguinee.com\/index.php\/wp-json\/wp\/v2\/pages\/358\/revisions\/940"}],"wp:attachment":[{"href":"https:\/\/emconsultingguinee.com\/index.php\/wp-json\/wp\/v2\/media?parent=358"}],"curies":[{"name":"wp","href":"https:\/\/api.w.org\/{rel}","templated":true}]}}